{"id":1296,"date":"2024-01-09T00:30:24","date_gmt":"2024-01-09T00:30:24","guid":{"rendered":"https:\/\/argenfruit.com.ar\/site2024\/?page_id=1296"},"modified":"2025-12-02T19:32:14","modified_gmt":"2025-12-02T19:32:14","slug":"logistica","status":"publish","type":"page","link":"https:\/\/argenfruit.com.ar\/?page_id=1296","title":{"rendered":"Log\u00edstica"},"content":{"rendered":"<div>\n<p>    <img decoding=\"async\" src=\"\/wp-content\/uploads\/2024\/01\/slide_home_005.jpg\" alt=\"\"><\/p>\n<h6> Expertos en log\u00edstica<\/h6>\n<div>\n<p>Nuestra calidad comienza con una log\u00edstica altamente eficiente<\/p>\n<\/div>\n<\/div>\n<h2>Integraci\u00f3n de toda la cadena de valor<\/h2>\n<h1>Log\u00edstica <br \/>altamente eficiente<\/h1>\n<div>\n<p>En Argenfruit S.A., contamos con un amplio centro de almacenamiento y distribuci\u00f3n en el principal mercado concentrador de frutas y verduras de la provincia de Mendoza. Nuestras instalaciones, ubicadas en un predio de m\u00e1s de 6.000 m\u00b2, est\u00e1n dise\u00f1adas para almacenar productos frescos a temperatura controlada, desde donde abastecemos a diversos canales comerciales que requieren grandes vol\u00famenes.<br \/>Nuestros t\u00faneles de climatizaci\u00f3n presurizados, equipados con tecnolog\u00eda italiana \u00fanica en Sudam\u00e9rica, nos permiten controlar con precisi\u00f3n la maduraci\u00f3n de las frutas. Esto garantiza que los consumidores reciban un producto fresco, de excelente calidad y con todas sus propiedades nutricionales intactas. Para atender a clientes con necesidades de vol\u00famenes medios y bajos, hemos establecido puestos de venta en los dos mercados concentradores de Mendoza, ofreciendo soluciones adaptadas a sus requerimientos. Adem\u00e1s, renovamos constantemente nuestra flota de veh\u00edculos, asegurando un transporte eficiente y una log\u00edstica impecable para la comercializaci\u00f3n de productos frescos.<\/p>\n<\/div>\n<ul>\n<li>\n<p>        <img decoding=\"async\" src=\"\/wp-content\/uploads\/2024\/01\/099.jpg\" alt=\"\"><\/p>\n<h3>099<\/h3>\n<\/li>\n<li>\n<p>        <img decoding=\"async\" src=\"\/wp-content\/uploads\/2024\/01\/101.jpg\" alt=\"\"><\/p>\n<h3>100<\/h3>\n<\/li>\n<li>\n<p>        <img decoding=\"async\" src=\"\/wp-content\/uploads\/2024\/01\/100.jpg\" alt=\"\"><\/p>\n<h3>100<\/h3>\n<\/li>\n<li>\n<p>        <img decoding=\"async\" src=\"\/wp-content\/uploads\/2024\/01\/100.jpg\" alt=\"\"><\/p>\n<h3>100<\/h3>\n<\/li>\n<li>\n<p>        <img decoding=\"async\" src=\"\/wp-content\/uploads\/2024\/01\/102.jpg\" alt=\"\"><\/p>\n<h3>102<\/h3>\n<\/li>\n<li>\n<p>        <img decoding=\"async\" src=\"\/wp-content\/uploads\/2024\/01\/099.jpg\" alt=\"\"><\/p>\n<h3>099<\/h3>\n<\/li>\n<\/ul>\n<ul>\n<li>\n<p>        <img decoding=\"async\" src=\"\/wp-content\/uploads\/2024\/01\/077.jpg\" alt=\"\"><\/p>\n<\/li>\n<li>\n<p>        <img decoding=\"async\" src=\"\/wp-content\/uploads\/2024\/01\/066.jpg\" alt=\"\"><\/p>\n<h2>066<\/h2>\n<\/li>\n<li>\n<p>        <img decoding=\"async\" src=\"\/wp-content\/uploads\/2024\/01\/063.jpg\" alt=\"\"><\/p>\n<h2>063<\/h2>\n<\/li>\n<li>\n<p>        <img decoding=\"async\" src=\"\/wp-content\/uploads\/2024\/01\/068.jpg\" alt=\"\"><\/p>\n<h2>068<\/h2>\n<\/li>\n<li>\n<p>        <img decoding=\"async\" src=\"\/wp-content\/uploads\/2024\/01\/067.jpg\" alt=\"\"><\/p>\n<h2>067<\/h2>\n<\/li>\n<li>\n<p>        <img decoding=\"async\" src=\"\/wp-content\/uploads\/2024\/01\/075.jpg\" alt=\"\"><\/p>\n<h2>075<\/h2>\n<\/li>\n<li>\n<p>        <img decoding=\"async\" src=\"\/wp-content\/uploads\/2024\/01\/076.jpg\" alt=\"\"><\/p>\n<h2>076<\/h2>\n<\/li>\n<li>\n<p>        <img decoding=\"async\" src=\"\/wp-content\/uploads\/2024\/01\/069.jpg\" alt=\"\"><\/p>\n<h2>069<\/h2>\n<\/li>\n<li>\n<p>        <img decoding=\"async\" src=\"\/wp-content\/uploads\/2024\/01\/070.jpg\" alt=\"\"><\/p>\n<h2>070<\/h2>\n<\/li>\n<li>\n<p>        <img decoding=\"async\" src=\"\/wp-content\/uploads\/2024\/01\/072.jpg\" alt=\"\"><\/p>\n<h2>072<\/h2>\n<\/li>\n<li>\n<p>        <img decoding=\"async\" src=\"\/wp-content\/uploads\/2024\/01\/073.jpg\" alt=\"\"><\/p>\n<h2>073<\/h2>\n<\/li>\n<li>\n<p>        <img decoding=\"async\" src=\"\/wp-content\/uploads\/2024\/01\/074.jpg\" alt=\"\"><\/p>\n<h2>074<\/h2>\n<\/li>\n<li>\n<p>        <img decoding=\"async\" src=\"\/wp-content\/uploads\/2024\/01\/103.jpg\" alt=\"\"><\/p>\n<h2>103<\/h2>\n<\/li>\n<\/ul>\n<h2>Descripci\u00f3n de procesos en la log\u00edstica<\/h2>\n<h1>Coordinaci\u00f3n e integraci\u00f3n<\/h1>\n<ul>\n<li>\n<p>        <img decoding=\"async\" src=\"\/wp-content\/uploads\/2024\/02\/seleccion.svg\" alt=\"\"><\/p>\n<h3>01. Selecci\u00f3n<\/h3>\n<div>\n<p>Nuestros proveedores se han convertido en aliados en los cuales depositamos toda nuestra confianza. Los controles de calidad se inician en los cultivos, empacando solo productos de alta calidad. La mercader\u00eda tambi\u00e9n es examinada por nuestros equipos de trabajo antes de ser despachada a los puntos de venta.<\/p>\n<\/div>\n<\/li>\n<li>\n<p>        <img decoding=\"async\" src=\"\/wp-content\/uploads\/2024\/02\/entrega.svg\" alt=\"\"><\/p>\n<h3>02. Transporte<\/h3>\n<div>\n<p>Nuestra log\u00edstica integrada se ha perfeccionado a lo largo del tiempo, estableciendo alianzas estrat\u00e9gicas en toda la cadena de valor. Esto nos permite optimizar los procesos de carga, transporte y descarga, garantizando costos competitivos, entregas puntuales y el m\u00e1ximo cuidado de nuestras frutas.<\/p>\n<\/div>\n<\/li>\n<li>\n<p>        <img decoding=\"async\" src=\"\/wp-content\/uploads\/2024\/02\/logistica.svg\" alt=\"\"><\/p>\n<h3>03. Trazabilidad<\/h3>\n<div>\n<p>La trazabilidad de nuestros productos es un aspecto fundamental que garantiza un estricto control desde el despacho de las frutas hasta el arribo para su distribuci\u00f3n. En el caso de las bananas, pl\u00e1tanos y pi\u00f1as Sabrostar, se monitorea la temperatura de cada contenedor hasta la descarga de la fruta para su almacenaje y posterior distribuci\u00f3n.<\/p>\n<\/div>\n<\/li>\n<li>\n<p>        <img decoding=\"async\" src=\"\/wp-content\/uploads\/2024\/02\/almacenaje.svg\" alt=\"\"><\/p>\n<h3>04. Almacenaje<\/h3>\n<div>\n<p>La empresa posee un complejo centro log\u00edstico de almacenaje y maduraci\u00f3n en la provincia de Mendoza, lugar donde las instalaciones est\u00e1n acondicionadas para guardar grandes stocks de mercader\u00eda refrigerada, asegurando de esta forma la provisi\u00f3n permanente, garantizando en todo momento la calidad del producto.<\/p>\n<\/div>\n<\/li>\n<li>\n<p>        <img decoding=\"async\" src=\"\/wp-content\/uploads\/2024\/02\/maduracion.svg\" alt=\"\"><\/p>\n<h3>05. Maduraci\u00f3n<\/h3>\n<div>\n<p>En nuestra planta existen 37 t\u00faneles con tecnolog\u00eda italiana para controlar la madurez de la fruta. Con una justa maduraci\u00f3n no se producen da\u00f1os durante la carga y descarga en la distribuci\u00f3n. Se asegura tambi\u00e9n, un buen sabor, excelente color y una consistencia \u00fanica que nos diferencia de otras marcas de frutas.<\/p>\n<\/div>\n<\/li>\n<li>\n<p>        <img decoding=\"async\" src=\"\/wp-content\/uploads\/2024\/02\/entrega.svg\" alt=\"\"><\/p>\n<h3>06. Distribuci\u00f3n<\/h3>\n<div>\n<p>La distribuci\u00f3n de nuestras frutas inicia en el mercado concentrador en Mendoza, Argentina. Desde este punto estrat\u00e9gico se recibe la fruta y se despacha a los diferentes destinos del pa\u00eds a nuestros clientes mayoristas y puestos de reventa. Todo est\u00e1 articulado para la atenci\u00f3n de nuestros clientes, nuestra mejor inversi\u00f3n.<\/p>\n<\/div>\n<\/li>\n<\/ul>\n<p><img decoding=\"async\" src=\"\/wp-content\/uploads\/2024\/01\/012-scaled.jpg\" alt=\"\"><\/p>\n<p><!--more--><br \/>\n<!-- {\"type\":\"layout\",\"children\":[{\"type\":\"section\",\"props\":{\"image_position\":\"center-center\",\"padding\":\"none\",\"style\":\"default\",\"title_breakpoint\":\"xl\",\"title_position\":\"top-left\",\"title_rotation\":\"left\",\"vertical_align\":\"\",\"width\":\"\"},\"children\":[{\"type\":\"row\",\"children\":[{\"type\":\"column\",\"props\":{\"image_position\":\"center-center\",\"position_sticky_breakpoint\":\"m\"},\"children\":[{\"type\":\"slideshow\",\"props\":{\"content_margin\":\"small\",\"content_style\":\"h5\",\"link_style\":\"default\",\"link_text\":\"Read more\",\"margin\":\"default\",\"meta_align\":\"below-title\",\"meta_element\":\"div\",\"meta_margin\":\"small\",\"meta_style\":\"text-meta\",\"nav\":\"dotnav\",\"nav_align\":\"center\",\"nav_breakpoint\":\"s\",\"nav_position\":\"bottom-center\",\"nav_position_margin\":\"medium\",\"overlay_animation\":\"fade\",\"overlay_margin\":\"none\",\"overlay_position\":\"center\",\"show_content\":false,\"show_link\":false,\"show_meta\":false,\"show_thumbnail\":false,\"show_title\":false,\"slidenav\":\"default\",\"slidenav_breakpoint\":\"s\",\"slidenav_margin\":\"medium\",\"slidenav_outside_breakpoint\":\"xl\",\"slideshow_autoplay_pause\":true,\"slideshow_height\":\"section\",\"slideshow_height_offset_top\":true,\"slideshow_kenburns\":\"center-center\",\"slideshow_kenburns_duration\":\"10\",\"slideshow_min_height\":\"750\",\"text_align\":\"center\",\"text_color\":\"light\",\"thumbnav_height\":\"75\",\"thumbnav_svg_color\":\"emphasis\",\"thumbnav_width\":\"100\",\"title_element\":\"h6\",\"title_hover_style\":\"reset\",\"title_parallax_rotate\":\"320 82%\",\"title_parallax_scale\":\"1.3 79%\",\"title_parallax_x\":\"190\",\"title_parallax_y\":\"600\",\"title_style\":\"h1\"},\"children\":[{\"type\":\"slideshow_item\",\"props\":{\"content\":\"\n\n<p>Nuestra calidad comienza con una log\\u00edstica altamente eficiente<\\\/p>\",\"image\":\"wp-content\\\/uploads\\\/2024\\\/01\\\/slide_home_005.jpg\",\"text_color\":\"light\",\"title\":\" Expertos en log\\u00edstica\"}}]}]}]}]},{\"type\":\"section\",\"props\":{\"image_position\":\"center-center\",\"padding\":\"large\",\"padding_remove_top\":false,\"style\":\"default\",\"title_breakpoint\":\"xl\",\"title_position\":\"top-left\",\"title_rotation\":\"left\",\"vertical_align\":\"\",\"width\":\"default\"},\"children\":[{\"type\":\"row\",\"children\":[{\"type\":\"column\",\"props\":{\"image_position\":\"center-center\",\"position_sticky_breakpoint\":\"m\"},\"children\":[{\"type\":\"headline\",\"props\":{\"content\":\"Integraci\\u00f3n de toda la cadena de valor\",\"margin\":\"remove-vertical\",\"margin_remove_bottom\":true,\"position\":\"relative\",\"text_align\":\"center\",\"title_color\":\"primary\",\"title_element\":\"h2\",\"title_style\":\"h6\"}},{\"type\":\"headline\",\"props\":{\"content\":\"Log\\u00edstica <br \\\/>altamente eficiente\",\"margin\":\"small\",\"text_align\":\"center\",\"title_element\":\"h1\"}},{\"type\":\"text\",\"props\":{\"column\":\"1-2\",\"column_breakpoint\":\"m\",\"content\":\"\n\n<p>En Argenfruit S.A., contamos con un amplio centro de almacenamiento y distribuci\\u00f3n en el principal mercado concentrador de frutas y verduras de la provincia de Mendoza. Nuestras instalaciones, ubicadas en un predio de m\\u00e1s de 6.000 m\\u00b2, est\\u00e1n dise\\u00f1adas para almacenar productos frescos a temperatura controlada, desde donde abastecemos a diversos canales comerciales que requieren grandes vol\\u00famenes.<br \\\/>Nuestros t\\u00faneles de climatizaci\\u00f3n presurizados, equipados con tecnolog\\u00eda italiana \\u00fanica en Sudam\\u00e9rica, nos permiten controlar con precisi\\u00f3n la maduraci\\u00f3n de las frutas. Esto garantiza que los consumidores reciban un producto fresco, de excelente calidad y con todas sus propiedades nutricionales intactas. Para atender a clientes con necesidades de vol\\u00famenes medios y bajos, hemos establecido puestos de venta en los dos mercados concentradores de Mendoza, ofreciendo soluciones adaptadas a sus requerimientos. Adem\\u00e1s, renovamos constantemente nuestra flota de veh\\u00edculos, asegurando un transporte eficiente y una log\\u00edstica impecable para la comercializaci\\u00f3n de productos frescos.<\\\/p>\",\"margin\":\"default\"}}]}]},{\"type\":\"row\",\"children\":[{\"type\":\"column\",\"props\":{\"image_position\":\"center-center\",\"position_sticky_breakpoint\":\"m\"},\"children\":[{\"type\":\"gallery\",\"props\":{\"filter_align\":\"left\",\"filter_all\":true,\"filter_grid_breakpoint\":\"m\",\"filter_grid_width\":\"auto\",\"filter_position\":\"top\",\"filter_style\":\"tab\",\"grid_default\":\"1\",\"grid_medium\":\"3\",\"item_animation\":true,\"lightbox\":false,\"lightbox_bg_close\":true,\"link_style\":\"default\",\"link_text\":\"Read more\",\"margin\":\"default\",\"meta_align\":\"below-title\",\"meta_element\":\"div\",\"meta_style\":\"text-meta\",\"overlay_hover\":false,\"overlay_mode\":\"cover\",\"overlay_position\":\"center\",\"overlay_style\":\"\",\"overlay_transition\":\"fade\",\"show_content\":false,\"show_hover_image\":false,\"show_hover_video\":true,\"show_link\":false,\"show_meta\":false,\"show_title\":false,\"text_align\":\"center\",\"text_color\":\"light\",\"title_element\":\"h3\",\"title_hover_style\":\"reset\"},\"children\":[{\"type\":\"gallery_item\",\"props\":{\"image\":\"wp-content\\\/uploads\\\/2024\\\/01\\\/099.jpg\",\"title\":\"099\"}},{\"type\":\"gallery_item\",\"props\":{\"image\":\"wp-content\\\/uploads\\\/2024\\\/01\\\/101.jpg\",\"title\":\"100\"}},{\"type\":\"gallery_item\",\"props\":{\"image\":\"wp-content\\\/uploads\\\/2024\\\/01\\\/100.jpg\",\"title\":\"100\"}},{\"type\":\"gallery_item\",\"props\":{\"image\":\"wp-content\\\/uploads\\\/2024\\\/01\\\/100.jpg\",\"title\":\"100\"}},{\"type\":\"gallery_item\",\"props\":{\"image\":\"wp-content\\\/uploads\\\/2024\\\/01\\\/102.jpg\",\"title\":\"102\"}},{\"type\":\"gallery_item\",\"props\":{\"image\":\"wp-content\\\/uploads\\\/2024\\\/01\\\/099.jpg\",\"title\":\"099\"}}]}]}]}]},{\"name\":\"Hero\",\"type\":\"section\",\"props\":{\"image_position\":\"center-center\",\"padding\":\"none\",\"padding_remove_top\":false,\"style\":\"default\",\"title_breakpoint\":\"xl\",\"title_position\":\"top-left\",\"title_rotation\":\"left\",\"vertical_align\":\"\",\"width\":\"\"},\"children\":[{\"type\":\"row\",\"children\":[{\"type\":\"column\",\"props\":{\"image_position\":\"center-center\",\"position_sticky_breakpoint\":\"m\",\"width_medium\":\"1-1\"},\"children\":[{\"type\":\"slideshow\",\"props\":{\"image_height\":\"1440\",\"image_loading\":true,\"image_width\":\"2560\",\"link_margin\":\"large\",\"link_style\":\"text\",\"link_target\":false,\"link_text\":\"Read more\",\"margin\":\"default\",\"meta_align\":\"above-title\",\"meta_element\":\"div\",\"meta_style\":\"text-meta\",\"nav\":\"\",\"nav_align\":\"center\",\"nav_below\":false,\"nav_breakpoint\":\"xl\",\"nav_position\":\"bottom-center\",\"nav_position_margin\":\"medium\",\"overlay_animation\":\"parallax\",\"overlay_margin\":\"none\",\"overlay_padding\":\"large\",\"overlay_position\":\"bottom-right\",\"overlay_style\":\"tile-secondary\",\"overlay_width\":\"xlarge\",\"show_content\":false,\"show_link\":false,\"show_meta\":false,\"show_thumbnail\":false,\"show_title\":false,\"slidenav\":\"bottom-left\",\"slidenav_breakpoint\":\"m\",\"slidenav_large\":true,\"slidenav_margin\":\"\",\"slidenav_outside_breakpoint\":\"xl\",\"slideshow_animation\":\"fade\",\"slideshow_autoplay\":true,\"slideshow_autoplay_pause\":false,\"slideshow_min_height\":\"600\",\"thumbnav_height\":\"75\",\"thumbnav_svg_color\":\"emphasis\",\"thumbnav_width\":\"100\",\"title_element\":\"h2\",\"title_hover_style\":\"reset\",\"title_margin\":\"small\",\"title_style\":\"h1\"},\"children\":[{\"type\":\"slideshow_item\",\"props\":{\"image\":\"wp-content\\\/uploads\\\/2024\\\/01\\\/077.jpg\"}},{\"type\":\"slideshow_item\",\"props\":{\"image\":\"wp-content\\\/uploads\\\/2024\\\/01\\\/066.jpg\",\"title\":\"066\"}},{\"type\":\"slideshow_item\",\"props\":{\"image\":\"wp-content\\\/uploads\\\/2024\\\/01\\\/063.jpg\",\"title\":\"063\"}},{\"type\":\"slideshow_item\",\"props\":{\"image\":\"wp-content\\\/uploads\\\/2024\\\/01\\\/068.jpg\",\"title\":\"068\"}},{\"type\":\"slideshow_item\",\"props\":{\"image\":\"wp-content\\\/uploads\\\/2024\\\/01\\\/067.jpg\",\"title\":\"067\"}},{\"type\":\"slideshow_item\",\"props\":{\"image\":\"wp-content\\\/uploads\\\/2024\\\/01\\\/075.jpg\",\"title\":\"075\"}},{\"type\":\"slideshow_item\",\"props\":{\"image\":\"wp-content\\\/uploads\\\/2024\\\/01\\\/076.jpg\",\"title\":\"076\"}},{\"type\":\"slideshow_item\",\"props\":{\"image\":\"wp-content\\\/uploads\\\/2024\\\/01\\\/069.jpg\",\"title\":\"069\"}},{\"type\":\"slideshow_item\",\"props\":{\"image\":\"wp-content\\\/uploads\\\/2024\\\/01\\\/070.jpg\",\"title\":\"070\"}},{\"type\":\"slideshow_item\",\"props\":{\"image\":\"wp-content\\\/uploads\\\/2024\\\/01\\\/072.jpg\",\"title\":\"072\"}},{\"type\":\"slideshow_item\",\"props\":{\"image\":\"wp-content\\\/uploads\\\/2024\\\/01\\\/073.jpg\",\"title\":\"073\"}},{\"type\":\"slideshow_item\",\"props\":{\"image\":\"wp-content\\\/uploads\\\/2024\\\/01\\\/074.jpg\",\"title\":\"074\"}},{\"type\":\"slideshow_item\",\"props\":{\"image\":\"wp-content\\\/uploads\\\/2024\\\/01\\\/103.jpg\",\"title\":\"103\"}}]}]}]}]},{\"type\":\"section\",\"props\":{\"image_position\":\"center-center\",\"padding\":\"large\",\"style\":\"muted\",\"title_breakpoint\":\"xl\",\"title_position\":\"top-left\",\"title_rotation\":\"left\",\"vertical_align\":\"\",\"width\":\"large\"},\"children\":[{\"type\":\"row\",\"children\":[{\"type\":\"column\",\"props\":{\"image_position\":\"center-center\",\"position_sticky_breakpoint\":\"m\"},\"children\":[{\"type\":\"headline\",\"props\":{\"content\":\"Descripci\\u00f3n de procesos en la log\\u00edstica\",\"margin\":\"remove-vertical\",\"margin_remove_bottom\":true,\"position\":\"relative\",\"text_align\":\"center\",\"title_color\":\"primary\",\"title_element\":\"h2\",\"title_style\":\"h6\"}},{\"type\":\"headline\",\"props\":{\"content\":\"Coordinaci\\u00f3n e integraci\\u00f3n\",\"margin\":\"small\",\"text_align\":\"center\",\"title_element\":\"h1\"}},{\"type\":\"panel-slider\",\"props\":{\"content_column_breakpoint\":\"m\",\"icon_color\":\"secondary\",\"icon_width\":80,\"image_align\":\"top\",\"image_grid_breakpoint\":\"m\",\"image_grid_width\":\"1-2\",\"image_svg_color\":\"emphasis\",\"image_width\":\"130\",\"link_style\":\"default\",\"link_text\":\"Read more\",\"margin\":\"medium\",\"meta_align\":\"below-title\",\"meta_element\":\"div\",\"meta_style\":\"text-meta\",\"nav\":\"dotnav\",\"nav_align\":\"center\",\"nav_breakpoint\":\"\",\"nav_margin\":\"large\",\"panel_match\":true,\"show_content\":true,\"show_hover_image\":true,\"show_hover_video\":true,\"show_image\":true,\"show_link\":true,\"show_meta\":true,\"show_title\":true,\"show_video\":true,\"slidenav\":\"outside\",\"slidenav_breakpoint\":\"s\",\"slidenav_hover\":false,\"slidenav_large\":false,\"slidenav_margin\":\"small\",\"slidenav_outside_breakpoint\":\"s\",\"slider_autoplay_pause\":true,\"slider_divider\":true,\"slider_gap\":\"default\",\"slider_width\":\"fixed\",\"slider_width_default\":\"1-1\",\"slider_width_medium\":\"1-3\",\"text_align\":\"center\",\"text_align_breakpoint\":\"s\",\"text_align_fallback\":\"center\",\"title_align\":\"top\",\"title_element\":\"h3\",\"title_grid_breakpoint\":\"m\",\"title_grid_width\":\"1-2\",\"title_hover_style\":\"reset\"},\"children\":[{\"type\":\"panel-slider_item\",\"props\":{\"content\":\"\n\n<p>Nuestros proveedores se han convertido en aliados en los cuales depositamos toda nuestra confianza. Los controles de calidad se inician en los cultivos, empacando solo productos de alta calidad. La mercader\\u00eda tambi\\u00e9n es examinada por nuestros equipos de trabajo antes de ser despachada a los puntos de venta.<\\\/p>\",\"icon\":\"\",\"image\":\"wp-content\\\/uploads\\\/2024\\\/02\\\/seleccion.svg\",\"title\":\"01. Selecci\\u00f3n\"}},{\"type\":\"panel-slider_item\",\"props\":{\"content\":\"\n\n<p>Nuestra log\\u00edstica integrada se ha perfeccionado a lo largo del tiempo, estableciendo alianzas estrat\\u00e9gicas en toda la cadena de valor. Esto nos permite optimizar los procesos de carga, transporte y descarga, garantizando costos competitivos, entregas puntuales y el m\\u00e1ximo cuidado de nuestras frutas.<\\\/p>\",\"icon\":\"\",\"image\":\"wp-content\\\/uploads\\\/2024\\\/02\\\/entrega.svg\",\"title\":\"02. Transporte\"}},{\"type\":\"panel-slider_item\",\"props\":{\"content\":\"\n\n<p>La trazabilidad de nuestros productos es un aspecto fundamental que garantiza un estricto control desde el despacho de las frutas hasta el arribo para su distribuci\\u00f3n. En el caso de las bananas, pl\\u00e1tanos y pi\\u00f1as Sabrostar, se monitorea la temperatura de cada contenedor hasta la descarga de la fruta para su almacenaje y posterior distribuci\\u00f3n.<\\\/p>\",\"icon\":\"\",\"image\":\"wp-content\\\/uploads\\\/2024\\\/02\\\/logistica.svg\",\"title\":\"03. Trazabilidad\"}},{\"type\":\"panel-slider_item\",\"props\":{\"content\":\"\n\n<p>La empresa posee un complejo centro log\\u00edstico de almacenaje y maduraci\\u00f3n en la provincia de Mendoza, lugar donde las instalaciones est\\u00e1n acondicionadas para guardar grandes stocks de mercader\\u00eda refrigerada, asegurando de esta forma la provisi\\u00f3n permanente, garantizando en todo momento la calidad del producto.<\\\/p>\",\"icon\":\"\",\"image\":\"wp-content\\\/uploads\\\/2024\\\/02\\\/almacenaje.svg\",\"title\":\"04. Almacenaje\"}},{\"type\":\"panel-slider_item\",\"props\":{\"content\":\"\n\n<p>En nuestra planta existen 37 t\\u00faneles con tecnolog\\u00eda italiana para controlar la madurez de la fruta. Con una justa maduraci\\u00f3n no se producen da\\u00f1os durante la carga y descarga en la distribuci\\u00f3n. Se asegura tambi\\u00e9n, un buen sabor, excelente color y una consistencia \\u00fanica que nos diferencia de otras marcas de frutas.<\\\/p>\",\"icon\":\"\",\"image\":\"wp-content\\\/uploads\\\/2024\\\/02\\\/maduracion.svg\",\"title\":\"05. Maduraci\\u00f3n\"}},{\"type\":\"panel-slider_item\",\"props\":{\"content\":\"\n\n<p>La distribuci\\u00f3n de nuestras frutas inicia en el mercado concentrador en Mendoza, Argentina. Desde este punto estrat\\u00e9gico se recibe la fruta y se despacha a los diferentes destinos del pa\\u00eds a nuestros clientes mayoristas y puestos de reventa. Todo est\\u00e1 articulado para la atenci\\u00f3n de nuestros clientes, nuestra mejor inversi\\u00f3n.<\\\/p>\",\"icon\":\"\",\"image\":\"wp-content\\\/uploads\\\/2024\\\/02\\\/entrega.svg\",\"title\":\"06. Distribuci\\u00f3n\"}}]}]}],\"props\":{\"width\":\"expand\"}}],\"name\":\"Log\\u00edstica\"},{\"type\":\"section\",\"props\":{\"image_position\":\"center-center\",\"padding_remove_bottom\":true,\"sticky\":\"cover\",\"style\":\"default\",\"title_breakpoint\":\"xl\",\"title_position\":\"top-left\",\"title_rotation\":\"left\",\"vertical_align\":\"\",\"width\":\"\"},\"children\":[{\"type\":\"row\",\"children\":[{\"type\":\"column\",\"props\":{\"image_position\":\"center-center\",\"position_sticky_breakpoint\":\"m\"},\"children\":[{\"type\":\"image\",\"props\":{\"image\":\"wp-content\\\/uploads\\\/2024\\\/01\\\/012-scaled.jpg\",\"image_svg_color\":\"emphasis\",\"image_svg_inline\":false,\"image_viewport_height\":true,\"margin\":\"remove-vertical\"}}]}],\"props\":{\"padding_remove_horizontal\":false}}]}],\"version\":\"4.5.32\"} --><\/p>\n","protected":false},"excerpt":{"rendered":"<p>Expertos en log\u00edstica Nuestra calidad comienza con una log\u00edstica altamente eficiente Integraci\u00f3n de toda la cadena de valor Log\u00edstica altamente eficiente En Argenfruit S.A., contamos con un amplio centro de almacenamiento y distribuci\u00f3n en el principal mercado concentrador de frutas y verduras de la provincia de Mendoza. Nuestras instalaciones, ubicadas en un predio de m\u00e1s [&hellip;]<\/p>\n","protected":false},"author":1,"featured_media":0,"parent":0,"menu_order":0,"comment_status":"closed","ping_status":"closed","template":"","meta":{"_acf_changed":false,"footnotes":""},"class_list":["post-1296","page","type-page","status-publish","hentry"],"acf":[],"_links":{"self":[{"href":"https:\/\/argenfruit.com.ar\/index.php?rest_route=\/wp\/v2\/pages\/1296","targetHints":{"allow":["GET"]}}],"collection":[{"href":"https:\/\/argenfruit.com.ar\/index.php?rest_route=\/wp\/v2\/pages"}],"about":[{"href":"https:\/\/argenfruit.com.ar\/index.php?rest_route=\/wp\/v2\/types\/page"}],"author":[{"embeddable":true,"href":"https:\/\/argenfruit.com.ar\/index.php?rest_route=\/wp\/v2\/users\/1"}],"replies":[{"embeddable":true,"href":"https:\/\/argenfruit.com.ar\/index.php?rest_route=%2Fwp%2Fv2%2Fcomments&post=1296"}],"version-history":[{"count":74,"href":"https:\/\/argenfruit.com.ar\/index.php?rest_route=\/wp\/v2\/pages\/1296\/revisions"}],"predecessor-version":[{"id":2998,"href":"https:\/\/argenfruit.com.ar\/index.php?rest_route=\/wp\/v2\/pages\/1296\/revisions\/2998"}],"wp:attachment":[{"href":"https:\/\/argenfruit.com.ar\/index.php?rest_route=%2Fwp%2Fv2%2Fmedia&parent=1296"}],"curies":[{"name":"wp","href":"https:\/\/api.w.org\/{rel}","templated":true}]}}