{"id":1655,"date":"2024-01-11T22:16:58","date_gmt":"2024-01-11T22:16:58","guid":{"rendered":"https:\/\/argenfruit.com.ar\/site2024\/?page_id=1655"},"modified":"2024-02-09T03:16:52","modified_gmt":"2024-02-09T03:16:52","slug":"manzana","status":"publish","type":"page","link":"https:\/\/argenfruit.com.ar\/?page_id=1655","title":{"rendered":"Manzana"},"content":{"rendered":"<h1><span class=\"ILfuVd\" lang=\"es\"><span class=\"hgKElc\">Manzana <\/span><\/span>origen Argentina<\/h1>\n<div>\n<p>Manzana Sabrostar <br \/>Premium<\/p>\n<\/div>\n<div>\n<div class=\"flex flex-grow flex-col max-w-full\">\n<div data-message-author-role=\"assistant\" data-message-id=\"397c28d8-64f6-47a5-b9fa-67466d50e49e\" class=\"min-h-[20px] text-message flex flex-col items-start gap-3 whitespace-pre-wrap break-words [.text-message+&amp;]:mt-5 overflow-x-auto\">\n<div class=\"markdown prose w-full break-words dark:prose-invert light\">\n<p>Las manzanas son una excelente fuente de fibra diet\u00e9tica, lo que promueve una digesti\u00f3n saludable y ayuda a controlar el apetito. Tambi\u00e9n contienen antioxidantes como la vitamina C, que apoyan el sistema inmunol\u00f3gico, y compuestos fen\u00f3licos que pueden ayudar a reducir el riesgo de enfermedades cr\u00f3nicas.<\/p>\n<\/div>\n<\/div>\n<\/div>\n<\/div>\n<p><img decoding=\"async\" src=\"\/wp-content\/uploads\/2024\/02\/reciclado_paletizado.svg\" alt=\"\"><\/p>\n<h1>Manzana Sabrostar<\/h1>\n<div>\n<p>Hidrata nuestro cuerpo gracias a su alto contenido de agua (alrededor del 80 % de su composici\u00f3n). Es diur\u00e9tica y gracias a su aporte de potasio puede ayudar a reducir la acumulaci\u00f3n de l\u00edquidos y prevenir calambres musculares. Contiene vitaminas del grupo E, conocidas por ser fuertes antioxidantes. Fuente de fibra soluble e insoluble. En el primer caso se debe comer cruda y con piel; y en el segundo, asada o en forma de compota. La piel de la manzana tiene pectina, que protege la mucosa intestinal. Por ese motivo, se recomienda lavarla, pero no pelarla. La pectina contribuye a mantener un buen tr\u00e1nsito intestinal.<\/p>\n<\/div>\n<h1>\n<h4>M\u00e1s informaci\u00f3n<\/h4>\n<\/h1>\n<ul>\n<li>\n<h3>Datos t\u00e9cnicos<\/h3>\n<div>\n<p>Packaging caja color azul<br \/>Packaging caja color blanco<br \/>Sticker color azul<br \/>Caja peso 19kg (aprox.)<br \/>Paletizado en origen<br \/>Embalaje con separadores<\/p>\n<\/div>\n<\/li>\n<li>\n<h3>Tabla nutricional<\/h3>\n<div><!DOCTYPE html><br \/>\n<html lang=\"es\"><br \/>\n<head><br \/>\n    <meta charset=\"UTF-8\"><br \/>\n    <meta name=\"viewport\" content=\"width=device-width, initial-scale=1.0\"><br \/>\n    <title>Tabla Nutricional &#8211; Manzana<\/title><\/p>\n<style>\n        table {\n            width: 100%;\n            border-collapse: collapse;\n            margin-top: 20px;\n        }\n        th, td {\n            border: 1px solid #ddd;\n            padding: 8px;\n            text-align: left;\n        }\n        th {\n            background-color: #f2f2f2;\n        }\n    <\/style>\n<p><\/head><br \/>\n<body><\/p>\n<h4>Datos nutricionales manzana<\/h4>\n<table>\n<tr>\n<th>Componente Nutricional<\/th>\n<th>Cantidad por 100g<\/th>\n<\/tr>\n<tr>\n<td>Calor\u00edas<\/td>\n<td>52 kcal<\/td>\n<\/tr>\n<tr>\n<td>Grasas totales<\/td>\n<td>0.2 g<\/td>\n<\/tr>\n<tr>\n<td>Grasas saturadas<\/td>\n<td>0 g<\/td>\n<\/tr>\n<tr>\n<td>Colesterol<\/td>\n<td>0 mg<\/td>\n<\/tr>\n<tr>\n<td>Sodio<\/td>\n<td>1 mg<\/td>\n<\/tr>\n<tr>\n<td>Carbohidratos<\/td>\n<td>14 g<\/td>\n<\/tr>\n<tr>\n<td>Fibra diet\u00e9tica<\/td>\n<td>2.4 g<\/td>\n<\/tr>\n<tr>\n<td>Az\u00facares<\/td>\n<td>10 g<\/td>\n<\/tr>\n<tr>\n<td>Prote\u00ednas<\/td>\n<td>0.3 g<\/td>\n<\/tr>\n<tr>\n<td>Vitamina A<\/td>\n<td>54 IU<\/td>\n<\/tr>\n<tr>\n<td>Vitamina C<\/td>\n<td>4.6 mg<\/td>\n<\/tr>\n<tr>\n<td>Calcio<\/td>\n<td>6 mg<\/td>\n<\/tr>\n<tr>\n<td>Hierro<\/td>\n<td>0.1 mg<\/td>\n<\/tr>\n<tr>\n<td>Potasio<\/td>\n<td>107 mg<\/td>\n<\/tr>\n<\/table>\n<p><\/body><br \/>\n<\/html>\n<\/div>\n<\/li>\n<li>\n<h3>Diferentes calidades<\/h3>\n<div>\n<p>Premium<br \/>Extra Premium<br \/>Red Delicious<br \/>Granny Smith<br \/>Comercial<br \/>Elegida<\/p>\n<\/div>\n<\/li>\n<\/ul>\n<p><img decoding=\"async\" src=\"\/wp-content\/uploads\/2024\/01\/029.jpg\" alt=\"\"><\/p>\n<ul>\n<li>\n<h3>Jugosa<\/h3>\n<div>\n<p>Nuestras manzanas en cada mordisco liberan un estallido de jugo, inundando el paladar con una frescura irresistiblemente crujiente.<\/p>\n<\/div>\n<\/li>\n<li>\n<h3>Antioxidante<\/h3>\n<div>\n<p>Adem\u00e1s de su exquisito sabor, es una fuente natural de nutrici\u00f3n, proporcionando vitaminas, antioxidantes y fibra esencial para una salud \u00f3ptima.<\/p>\n<\/div>\n<\/li>\n<li>\n<h3>Vitaminas<\/h3>\n<div>\n<p>Contiene vitaminas del grupo E, conocidas por ser fuertes antioxidantes. Fuente de fibra soluble e insoluble.<\/p>\n<\/div>\n<\/li>\n<\/ul>\n<h1>L\u00ednea de frutas premium Sabrostar<em><br \/><\/em><\/h1>\n<h1>Conoc\u00e9 todas nuestras frutas<\/h1>\n<ul>\n<li>\n<p>        <img decoding=\"async\" src=\"\/wp-content\/uploads\/2024\/01\/031.jpg\" alt=\"\"><\/p>\n<h3>031<\/h3>\n<p><a href=\"\/index.php?page_id=1810\"><\/a><\/p>\n<\/li>\n<li>\n<p>        <img decoding=\"async\" src=\"\/wp-content\/uploads\/2024\/01\/055.jpg\" alt=\"\"><\/p>\n<h3>055<\/h3>\n<p><a href=\"\/index.php?page_id=1549\"><\/a><\/p>\n<\/li>\n<li>\n<p>        <img decoding=\"async\" src=\"\/wp-content\/uploads\/2024\/01\/033.jpg\" alt=\"\"><\/p>\n<h3>033<\/h3>\n<p><a href=\"\/index.php?page_id=1555\"><\/a><\/p>\n<\/li>\n<li>\n<p>        <img decoding=\"async\" src=\"\/wp-content\/uploads\/2024\/01\/032.jpg\" alt=\"\"><\/p>\n<h3>032<\/h3>\n<p><a href=\"\/index.php?page_id=1554\"><\/a><\/p>\n<\/li>\n<li>\n<p>        <img decoding=\"async\" src=\"\/wp-content\/uploads\/2024\/02\/119.jpg\" alt=\"\"><\/p>\n<h3>119<\/h3>\n<p><a href=\"\/index.php?page_id=1678\"><\/a><\/p>\n<\/li>\n<li>\n<p>        <img decoding=\"async\" src=\"\/wp-content\/uploads\/2024\/01\/080.jpg\" alt=\"\"><\/p>\n<h3>080<\/h3>\n<p><a href=\"\/index.php?page_id=1677\"><\/a><\/p>\n<\/li>\n<li>\n<p>        <img decoding=\"async\" src=\"\/wp-content\/uploads\/2024\/01\/037.jpg\" alt=\"\"><\/p>\n<h3>037<\/h3>\n<p><a href=\"\/index.php?page_id=1686\"><\/a><\/p>\n<\/li>\n<li>\n<p>        <img decoding=\"async\" src=\"\/wp-content\/uploads\/2024\/02\/110.jpg\" alt=\"\"><\/p>\n<h3>110<\/h3>\n<p><a href=\"\/index.php?page_id=2177\"><\/a><\/p>\n<\/li>\n<li>\n<p>        <img decoding=\"async\" src=\"\/wp-content\/uploads\/2024\/01\/111.jpg\" alt=\"\"><\/p>\n<h3>111<\/h3>\n<p><a href=\"\/index.php?page_id=2176\"><\/a><\/p>\n<\/li>\n<li>\n<p>        <img decoding=\"async\" src=\"\/wp-content\/uploads\/2024\/01\/109.jpg\" alt=\"\"><\/p>\n<h3>109<\/h3>\n<p><a href=\"\/index.php?page_id=2185\"><\/a><\/p>\n<\/li>\n<li>\n<p>        <img decoding=\"async\" src=\"\/wp-content\/uploads\/2024\/01\/084.jpg\" alt=\"\"><\/p>\n<h3>084<\/h3>\n<p><a href=\"\/index.php?page_id=1676\"><\/a><\/p>\n<\/li>\n<\/ul>\n<p><img decoding=\"async\" src=\"\/wp-content\/uploads\/2024\/01\/023-scaled.jpg\" alt=\"\"><\/p>\n<h1>Donde comprar?<\/h1>\n<div>\n<p>Para compras mayoristas puede conectarse con nuestro departamento de ventas. Los consumidores finales pueden adquirir nuestros productos Sabrostar en puntos de venta de proximidad o las grandes cadenas de supermercados.<\/p>\n<\/div>\n<p>\n    <a href=\"\/index.php?page_id=1422\">Cont\u00e1ctenos<\/a>\n<\/p>\n<p><!--more--><br \/>\n<!-- {\"type\":\"layout\",\"children\":[{\"name\":\"Hero\",\"type\":\"section\",\"props\":{\"animation\":\"slide-left-small\",\"animation_delay\":\"200\",\"image_position\":\"center-center\",\"padding\":\"none\",\"padding_remove_top\":false,\"style\":\"secondary\",\"title_breakpoint\":\"xl\",\"title_position\":\"top-left\",\"title_rotation\":\"left\",\"vertical_align\":\"middle\",\"width\":\"\"},\"children\":[{\"type\":\"row\",\"props\":{\"column_gap\":\"large\",\"layout\":\"1-2,1-2\",\"margin\":\"remove-vertical\",\"margin_remove_bottom\":false,\"margin_remove_top\":false,\"row_gap\":\"large\",\"vertical_align\":false},\"children\":[{\"type\":\"column\",\"props\":{\"css\":\".el-column {\\n\\tmin-height: 500px;\\n}\",\"image\":\"wp-content\\\/uploads\\\/2024\\\/01\\\/030.jpg\",\"image_loading\":true,\"image_position\":\"center-center\",\"image_size\":\"cover\",\"position_sticky_breakpoint\":\"m\",\"width_medium\":\"1-2\"}},{\"type\":\"column\",\"props\":{\"image_position\":\"center-center\",\"padding\":\"xlarge\",\"position_sticky_breakpoint\":\"m\",\"style\":\"tile-secondary\",\"width_medium\":\"1-2\"},\"children\":[{\"type\":\"headline\",\"props\":{\"block_align\":\"center\",\"content\":\"<span class=\\\"ILfuVd\\\" lang=\\\"es\\\"><span class=\\\"hgKElc\\\">Manzana <\\\/span><\\\/span>origen Argentina\",\"maxwidth\":\"xlarge\",\"maxwidth_breakpoint\":\"l\",\"title_color\":\"primary\",\"title_element\":\"h1\",\"title_style\":\"h6\"}},{\"type\":\"headline\",\"props\":{\"block_align\":\"center\",\"content\":\"\n\n<p>Manzana Sabrostar <br \\\/>Premium<\\\/p>\",\"margin\":\"medium\",\"margin_remove_top\":false,\"maxwidth\":\"xlarge\",\"maxwidth_breakpoint\":\"l\",\"text_align_breakpoint\":\"m\",\"text_align_fallback\":\"center\",\"title_element\":\"div\",\"title_style\":\"h1\"}},{\"type\":\"text\",\"props\":{\"block_align\":\"center\",\"column_breakpoint\":\"xl\",\"content\":\"\n\n<div class=\\\"flex flex-grow flex-col max-w-full\\\">\\n\n\n<div data-message-author-role=\\\"assistant\\\" data-message-id=\\\"397c28d8-64f6-47a5-b9fa-67466d50e49e\\\" class=\\\"min-h-[20px] text-message flex flex-col items-start gap-3 whitespace-pre-wrap break-words [.text-message+&amp;]:mt-5 overflow-x-auto\\\">\\n\n\n<div class=\\\"markdown prose w-full break-words dark:prose-invert light\\\">\\n\n\n<p>Las manzanas son una excelente fuente de fibra diet\\u00e9tica, lo que promueve una digesti\\u00f3n saludable y ayuda a controlar el apetito. Tambi\\u00e9n contienen antioxidantes como la vitamina C, que apoyan el sistema inmunol\\u00f3gico, y compuestos fen\\u00f3licos que pueden ayudar a reducir el riesgo de enfermedades cr\\u00f3nicas.<\\\/p>\\n<\\\/div>\\n<\\\/div>\\n<\\\/div>\",\"margin\":\"default\",\"margin_remove_top\":false,\"maxwidth\":\"xlarge\",\"maxwidth_breakpoint\":\"l\"}},{\"type\":\"image\",\"props\":{\"block_align\":\"center\",\"image\":\"wp-content\\\/uploads\\\/2024\\\/02\\\/reciclado_paletizado.svg\",\"image_svg_color\":\"emphasis\",\"image_width\":\"250\",\"margin\":\"\",\"maxwidth\":\"xlarge\",\"maxwidth_breakpoint\":\"l\"}}]}]}]},{\"type\":\"section\",\"props\":{\"image_position\":\"center-center\",\"style\":\"default\",\"title_breakpoint\":\"xl\",\"title_position\":\"top-left\",\"title_rotation\":\"left\",\"vertical_align\":\"middle\",\"width\":\"default\"},\"children\":[{\"type\":\"row\",\"props\":{\"layout\":\"1-2,1-2\"},\"children\":[{\"type\":\"column\",\"props\":{\"image_position\":\"center-center\",\"position_sticky_breakpoint\":\"m\",\"width_medium\":\"1-2\"},\"children\":[{\"type\":\"headline\",\"props\":{\"content\":\"Manzana Sabrostar\",\"title_element\":\"h1\"}},{\"type\":\"text\",\"props\":{\"column_breakpoint\":\"m\",\"content\":\"\n\n<p>Hidrata nuestro cuerpo gracias a su alto contenido de agua (alrededor del 80 % de su composici\\u00f3n). Es diur\\u00e9tica y gracias a su aporte de potasio puede ayudar a reducir la acumulaci\\u00f3n de l\\u00edquidos y prevenir calambres musculares. Contiene vitaminas del grupo E, conocidas por ser fuertes antioxidantes. Fuente de fibra soluble e insoluble. En el primer caso se debe comer cruda y con piel; y en el segundo, asada o en forma de compota. La piel de la manzana tiene pectina, que protege la mucosa intestinal. Por ese motivo, se recomienda lavarla, pero no pelarla. La pectina contribuye a mantener un buen tr\\u00e1nsito intestinal.<\\\/p>\",\"margin\":\"default\"}},{\"type\":\"headline\",\"props\":{\"content\":\"\n\n<h4>M\\u00e1s informaci\\u00f3n<\\\/h4>\",\"title_element\":\"h1\"}},{\"type\":\"accordion\",\"props\":{\"collapsible\":true,\"content_column_breakpoint\":\"m\",\"image_align\":\"top\",\"image_grid_breakpoint\":\"m\",\"image_grid_width\":\"1-2\",\"image_svg_color\":\"emphasis\",\"link_style\":\"default\",\"link_text\":\"Read more\",\"show_image\":true,\"show_link\":true},\"children\":[{\"type\":\"accordion_item\",\"props\":{\"content\":\"\n\n<p>Packaging caja color azul<br \\\/>Packaging caja color blanco<br \\\/>Sticker color azul<br \\\/>Caja peso 19kg (aprox.)<br \\\/>Paletizado en origen<br \\\/>Embalaje con separadores<\\\/p>\",\"image\":\"\",\"title\":\"Datos t\\u00e9cnicos\"}},{\"type\":\"accordion_item\",\"props\":{\"content\":\"<!DOCTYPE html>\\n<html lang=\\\"es\\\">\\n<head>\\n    <meta charset=\\\"UTF-8\\\">\\n    <meta name=\\\"viewport\\\" content=\\\"width=device-width, initial-scale=1.0\\\">\\n    <title>Tabla Nutricional - Manzana<\\\/title>\\n    \n\n<style>\\n        table {\\n            width: 100%;\\n            border-collapse: collapse;\\n            margin-top: 20px;\\n        }\\n        th, td {\\n            border: 1px solid #ddd;\\n            padding: 8px;\\n            text-align: left;\\n        }\\n        th {\\n            background-color: #f2f2f2;\\n        }\\n    <\\\/style>\\n<\\\/head>\\n<body>\\n    \n\n<h4>Datos nutricionales manzana<\\\/h4>\\n    \n\n<table>\\n        \n\n<tr>\\n            \n\n<th>Componente Nutricional<\\\/th>\\n            \n\n<th>Cantidad por 100g<\\\/th>\\n        <\\\/tr>\\n        \n\n<tr>\\n            \n\n<td>Calor\\u00edas<\\\/td>\\n            \n\n<td>52 kcal<\\\/td>\\n        <\\\/tr>\\n        \n\n<tr>\\n            \n\n<td>Grasas totales<\\\/td>\\n            \n\n<td>0.2 g<\\\/td>\\n        <\\\/tr>\\n        \n\n<tr>\\n            \n\n<td>Grasas saturadas<\\\/td>\\n            \n\n<td>0 g<\\\/td>\\n        <\\\/tr>\\n        \n\n<tr>\\n            \n\n<td>Colesterol<\\\/td>\\n            \n\n<td>0 mg<\\\/td>\\n        <\\\/tr>\\n        \n\n<tr>\\n            \n\n<td>Sodio<\\\/td>\\n            \n\n<td>1 mg<\\\/td>\\n        <\\\/tr>\\n        \n\n<tr>\\n            \n\n<td>Carbohidratos<\\\/td>\\n            \n\n<td>14 g<\\\/td>\\n        <\\\/tr>\\n        \n\n<tr>\\n            \n\n<td>Fibra diet\\u00e9tica<\\\/td>\\n            \n\n<td>2.4 g<\\\/td>\\n        <\\\/tr>\\n        \n\n<tr>\\n            \n\n<td>Az\\u00facares<\\\/td>\\n            \n\n<td>10 g<\\\/td>\\n        <\\\/tr>\\n        \n\n<tr>\\n            \n\n<td>Prote\\u00ednas<\\\/td>\\n            \n\n<td>0.3 g<\\\/td>\\n        <\\\/tr>\\n        \n\n<tr>\\n            \n\n<td>Vitamina A<\\\/td>\\n            \n\n<td>54 IU<\\\/td>\\n        <\\\/tr>\\n        \n\n<tr>\\n            \n\n<td>Vitamina C<\\\/td>\\n            \n\n<td>4.6 mg<\\\/td>\\n        <\\\/tr>\\n        \n\n<tr>\\n            \n\n<td>Calcio<\\\/td>\\n            \n\n<td>6 mg<\\\/td>\\n        <\\\/tr>\\n        \n\n<tr>\\n            \n\n<td>Hierro<\\\/td>\\n            \n\n<td>0.1 mg<\\\/td>\\n        <\\\/tr>\\n        \n\n<tr>\\n            \n\n<td>Potasio<\\\/td>\\n            \n\n<td>107 mg<\\\/td>\\n        <\\\/tr>\\n    <\\\/table>\\n<\\\/body>\\n<\\\/html>\\n\",\"image\":\"\",\"title\":\"Tabla nutricional\"}},{\"type\":\"accordion_item\",\"props\":{\"content\":\"\n\n<p>Premium<br \\\/>Extra Premium<br \\\/>Red Delicious<br \\\/>Granny Smith<br \\\/>Comercial<br \\\/>Elegida<\\\/p>\",\"title\":\"Diferentes calidades\"}}]}]},{\"type\":\"column\",\"props\":{\"image_position\":\"center-center\",\"position_sticky_breakpoint\":\"m\",\"width_medium\":\"1-2\"},\"children\":[{\"type\":\"popover\",\"props\":{\"background_image\":\"wp-content\\\/uploads\\\/2024\\\/01\\\/029.jpg\",\"card_style\":\"default\",\"drop_mode\":\"hover\",\"drop_position\":\"top-center\",\"icon\":\"plus\",\"image_card_padding\":true,\"image_svg_color\":\"emphasis\",\"link_style\":\"default\",\"link_text\":\"Read more\",\"margin\":\"default\",\"marker_color\":\"light\",\"meta_align\":\"below-title\",\"meta_element\":\"div\",\"meta_style\":\"text-meta\",\"show_content\":true,\"show_image\":true,\"show_link\":true,\"show_meta\":true,\"show_title\":true,\"title_element\":\"h3\",\"title_hover_style\":\"reset\"},\"children\":[{\"type\":\"popover_item\",\"props\":{\"content\":\"\n\n<p>Nuestras manzanas en cada mordisco liberan un estallido de jugo, inundando el paladar con una frescura irresistiblemente crujiente.<\\\/p>\",\"position_x\":\"26\",\"title\":\"Jugosa\"}},{\"type\":\"popover_item\",\"props\":{\"content\":\"\n\n<p>Adem\\u00e1s de su exquisito sabor, es una fuente natural de nutrici\\u00f3n, proporcionando vitaminas, antioxidantes y fibra esencial para una salud \\u00f3ptima.<\\\/p>\",\"position_y\":\"76\",\"title\":\"Antioxidante\"}},{\"type\":\"popover_item\",\"props\":{\"content\":\"\n\n<p>Contiene vitaminas del grupo E, conocidas por ser fuertes antioxidantes. Fuente de fibra soluble e insoluble.<\\\/p>\",\"position_x\":\"79\",\"title\":\"Vitaminas\"}}]}]}]}]},{\"name\":\"Productos\",\"type\":\"section\",\"props\":{\"animation\":\"slide-bottom-medium\",\"animation_delay\":\"200\",\"image_position\":\"center-center\",\"padding\":\"small\",\"padding_remove_bottom\":false,\"padding_remove_top\":false,\"style\":\"default\",\"title_breakpoint\":\"xl\",\"title_position\":\"top-left\",\"title_rotation\":\"left\",\"vertical_align\":\"middle\",\"width\":\"large\"},\"children\":[{\"type\":\"row\",\"children\":[{\"type\":\"column\",\"props\":{\"image_position\":\"center-center\",\"position_sticky_breakpoint\":\"m\"},\"children\":[{\"type\":\"headline\",\"props\":{\"block_align\":\"center\",\"content\":\"L\\u00ednea de frutas premium Sabrostar<em><br \\\/><\\\/em>\",\"margin\":\"small\",\"margin_remove_bottom\":false,\"maxwidth_breakpoint\":\"l\",\"title_color\":\"primary\",\"title_element\":\"h1\",\"title_style\":\"h6\"}},{\"type\":\"headline\",\"props\":{\"content\":\"Conoc\\u00e9 todas nuestras frutas\",\"margin\":\"small\",\"title_element\":\"h1\"}},{\"type\":\"panel-slider\",\"props\":{\"content_column_breakpoint\":\"m\",\"icon_width\":80,\"image_align\":\"top\",\"image_grid_breakpoint\":\"m\",\"image_grid_width\":\"1-2\",\"image_link\":true,\"image_svg_color\":\"emphasis\",\"link_style\":\"default\",\"link_text\":\"\",\"margin\":\"default\",\"meta_align\":\"below-title\",\"meta_element\":\"div\",\"meta_style\":\"text-meta\",\"nav\":\"dotnav\",\"nav_align\":\"center\",\"nav_breakpoint\":\"\",\"panel_card_match\":true,\"show_content\":false,\"show_image\":true,\"show_link\":true,\"show_meta\":false,\"show_title\":false,\"slidenav\":\"default\",\"slidenav_breakpoint\":\"s\",\"slidenav_hover\":false,\"slidenav_margin\":\"medium\",\"slidenav_outside_breakpoint\":\"xl\",\"slider_autoplay_pause\":true,\"slider_gap\":\"small\",\"slider_width\":\"fixed\",\"slider_width_default\":\"1-1\",\"slider_width_medium\":\"1-3\",\"title_align\":\"top\",\"title_element\":\"h3\",\"title_grid_breakpoint\":\"m\",\"title_grid_width\":\"1-2\",\"title_hover_style\":\"reset\"},\"children\":[{\"type\":\"panel-slider_item\",\"props\":{\"image\":\"wp-content\\\/uploads\\\/2024\\\/01\\\/031.jpg\",\"link\":\"index.php?page_id=1810\",\"title\":\"031\"}},{\"type\":\"panel-slider_item\",\"props\":{\"image\":\"wp-content\\\/uploads\\\/2024\\\/01\\\/055.jpg\",\"link\":\"index.php?page_id=1549\",\"title\":\"055\"}},{\"type\":\"panel-slider_item\",\"props\":{\"image\":\"wp-content\\\/uploads\\\/2024\\\/01\\\/033.jpg\",\"link\":\"index.php?page_id=1555\",\"title\":\"033\"}},{\"type\":\"panel-slider_item\",\"props\":{\"image\":\"wp-content\\\/uploads\\\/2024\\\/01\\\/032.jpg\",\"link\":\"index.php?page_id=1554\",\"title\":\"032\"}},{\"type\":\"panel-slider_item\",\"props\":{\"image\":\"wp-content\\\/uploads\\\/2024\\\/02\\\/119.jpg\",\"link\":\"index.php?page_id=1678\",\"title\":\"119\"}},{\"type\":\"panel-slider_item\",\"props\":{\"image\":\"wp-content\\\/uploads\\\/2024\\\/01\\\/080.jpg\",\"link\":\"index.php?page_id=1677\",\"title\":\"080\"}},{\"type\":\"panel-slider_item\",\"props\":{\"image\":\"wp-content\\\/uploads\\\/2024\\\/01\\\/037.jpg\",\"link\":\"index.php?page_id=1686\",\"title\":\"037\"}},{\"type\":\"panel-slider_item\",\"props\":{\"image\":\"wp-content\\\/uploads\\\/2024\\\/02\\\/110.jpg\",\"link\":\"index.php?page_id=2177\",\"title\":\"110\"}},{\"type\":\"panel-slider_item\",\"props\":{\"image\":\"wp-content\\\/uploads\\\/2024\\\/01\\\/111.jpg\",\"link\":\"index.php?page_id=2176\",\"title\":\"111\"}},{\"type\":\"panel-slider_item\",\"props\":{\"image\":\"wp-content\\\/uploads\\\/2024\\\/01\\\/109.jpg\",\"link\":\"index.php?page_id=2185\",\"title\":\"109\"}},{\"type\":\"panel-slider_item\",\"props\":{\"image\":\"wp-content\\\/uploads\\\/2024\\\/01\\\/084.jpg\",\"link\":\"index.php?page_id=1676\",\"title\":\"084\"}}],\"name\":\"Panel Slider Frutas 03\"}]}]}]},{\"type\":\"section\",\"props\":{\"image_position\":\"center-center\",\"padding\":\"none\",\"style\":\"default\",\"title_breakpoint\":\"xl\",\"title_position\":\"top-left\",\"title_rotation\":\"left\",\"vertical_align\":\"middle\",\"width\":\"\"},\"children\":[{\"type\":\"row\",\"children\":[{\"type\":\"column\",\"props\":{\"image_position\":\"center-center\",\"position_sticky_breakpoint\":\"m\"},\"children\":[{\"type\":\"image\",\"props\":{\"image\":\"wp-content\\\/uploads\\\/2024\\\/01\\\/023-scaled.jpg\",\"image_svg_color\":\"emphasis\",\"image_viewport_height\":true,\"margin\":\"default\"}}]}]}]},{\"type\":\"section\",\"props\":{\"image_position\":\"center-center\",\"style\":\"default\",\"title_breakpoint\":\"xl\",\"title_position\":\"top-left\",\"title_rotation\":\"left\",\"vertical_align\":\"middle\",\"width\":\"small\"},\"children\":[{\"type\":\"row\",\"children\":[{\"type\":\"column\",\"props\":{\"image_position\":\"center-center\",\"position_sticky_breakpoint\":\"m\"},\"children\":[{\"type\":\"headline\",\"props\":{\"content\":\"Donde comprar?\",\"text_align\":\"center\",\"title_element\":\"h1\"}},{\"type\":\"text\",\"props\":{\"column_breakpoint\":\"m\",\"content\":\"\n\n<p>Para compras mayoristas puede conectarse con nuestro departamento de ventas. Los consumidores finales pueden adquirir nuestros productos Sabrostar en puntos de venta de proximidad o las grandes cadenas de supermercados.<\\\/p>\",\"margin\":\"default\",\"text_align\":\"center\",\"text_style\":\"lead\"}},{\"type\":\"button\",\"props\":{\"fullwidth\":false,\"grid_column_gap\":\"small\",\"grid_row_gap\":\"small\",\"margin\":\"default\",\"text_align\":\"center\"},\"children\":[{\"type\":\"button_item\",\"props\":{\"button_style\":\"default\",\"content\":\"Cont\\u00e1ctenos\",\"icon_align\":\"left\",\"link\":\"index.php?page_id=1422\"}}]}]}]}],\"name\":\"Donde comprar?\"}],\"version\":\"4.1.2\"} --><\/p>\n","protected":false},"excerpt":{"rendered":"<p>Manzana origen Argentina Manzana Sabrostar Premium Las manzanas son una excelente fuente de fibra diet\u00e9tica, lo que promueve una digesti\u00f3n saludable y ayuda a controlar el apetito. Tambi\u00e9n contienen antioxidantes como la vitamina C, que apoyan el sistema inmunol\u00f3gico, y compuestos fen\u00f3licos que pueden ayudar a reducir el riesgo de enfermedades cr\u00f3nicas. Manzana Sabrostar Hidrata [&hellip;]<\/p>\n","protected":false},"author":1,"featured_media":0,"parent":0,"menu_order":0,"comment_status":"closed","ping_status":"closed","template":"","meta":{"_acf_changed":false,"footnotes":""},"class_list":["post-1655","page","type-page","status-publish","hentry"],"acf":[],"_links":{"self":[{"href":"https:\/\/argenfruit.com.ar\/index.php?rest_route=\/wp\/v2\/pages\/1655","targetHints":{"allow":["GET"]}}],"collection":[{"href":"https:\/\/argenfruit.com.ar\/index.php?rest_route=\/wp\/v2\/pages"}],"about":[{"href":"https:\/\/argenfruit.com.ar\/index.php?rest_route=\/wp\/v2\/types\/page"}],"author":[{"embeddable":true,"href":"https:\/\/argenfruit.com.ar\/index.php?rest_route=\/wp\/v2\/users\/1"}],"replies":[{"embeddable":true,"href":"https:\/\/argenfruit.com.ar\/index.php?rest_route=%2Fwp%2Fv2%2Fcomments&post=1655"}],"version-history":[{"count":28,"href":"https:\/\/argenfruit.com.ar\/index.php?rest_route=\/wp\/v2\/pages\/1655\/revisions"}],"predecessor-version":[{"id":2461,"href":"https:\/\/argenfruit.com.ar\/index.php?rest_route=\/wp\/v2\/pages\/1655\/revisions\/2461"}],"wp:attachment":[{"href":"https:\/\/argenfruit.com.ar\/index.php?rest_route=%2Fwp%2Fv2%2Fmedia&parent=1655"}],"curies":[{"name":"wp","href":"https:\/\/api.w.org\/{rel}","templated":true}]}}