{"id":1686,"date":"2024-01-13T21:03:01","date_gmt":"2024-01-13T21:03:01","guid":{"rendered":"https:\/\/argenfruit.com.ar\/site2024\/?page_id=1686"},"modified":"2024-02-09T03:17:28","modified_gmt":"2024-02-09T03:17:28","slug":"limom","status":"publish","type":"page","link":"https:\/\/argenfruit.com.ar\/?page_id=1686","title":{"rendered":"Lim\u00f3n"},"content":{"rendered":"<h1>Lim\u00f3n origen Argentina<\/h1>\n<div>\n<p>Lim\u00f3n Sabrostar <br \/>Premium<\/p>\n<\/div>\n<div>\n<p>El lim\u00f3n es una fuente rica en vitamina C, que fortalece el sistema inmunol\u00f3gico y act\u00faa como antioxidante. Adem\u00e1s, su contenido \u00e1cido puede ayudar a mejorar la digesti\u00f3n y a equilibrar el pH del cuerpo. Tambi\u00e9n se ha asociado con beneficios para la piel y la salud del coraz\u00f3n, gracias a sus antioxidantes y compuestos bioactivos.<\/p>\n<\/div>\n<p><img decoding=\"async\" src=\"\/wp-content\/uploads\/2024\/02\/reciclado_paletizado.svg\" alt=\"\"><\/p>\n<h1>Lim\u00f3n Sabrostar<\/h1>\n<div>\n<p>Las propiedades del lim\u00f3n sobre la salud lo convierten en un alimento esencial. Es muy rico en vitamina C: 100 ml de zumo de lim\u00f3n casero aportan el 62% de las necesidades diarias. Esta vitamina es fundamental para el buen estado de los vasos sangu\u00edneos, y muy beneficiosa para la salud de huesos, los dientes y la piel. La vitamina C del lim\u00f3n promueve la formaci\u00f3n de col\u00e1geno que contribuye al buen estado de la piel y de los cart\u00edlagos, y a la buena cicatrizaci\u00f3n de las heridas. Tambi\u00e9n favorece la absorci\u00f3n del hierro que podamos ingerir con el desayuno. Por otra parte, juega un papel crucial en el correcto funcionamiento del sistema inmunitario, para prevenir infecciones y muchas otras enfermedades.<\/p>\n<\/div>\n<ul>\n<li>\n<h3>Datos t\u00e9cnicos<\/h3>\n<div>\n<p>Limones Premium<br \/>Packaging caja color azul<br \/>Caja peso 17kg (aprox.)<br \/>Paletizado en origen<br \/>Sistema de trazabilidad<br \/>Producto reciclable<\/p>\n<\/div>\n<\/li>\n<li>\n<h3>Tabla nutricional<\/h3>\n<div><!DOCTYPE html><br \/>\n<html lang=\"es\"><br \/>\n<head><br \/>\n    <meta charset=\"UTF-8\"><br \/>\n    <meta name=\"viewport\" content=\"width=device-width, initial-scale=1.0\"><br \/>\n    <title>Tabla Nutricional &#8211; Lim\u00f3n<\/title><\/p>\n<style>\n        table {\n            width: 100%;\n            border-collapse: collapse;\n            margin-top: 20px;\n        }\n        th, td {\n            border: 1px solid #ddd;\n            padding: 8px;\n            text-align: left;\n        }\n        th {\n            background-color: #f2f2f2;\n        }\n    <\/style>\n<p><\/head><br \/>\n<body><\/p>\n<h4>Datos nutricionales lim\u00f3n<\/h4>\n<table>\n<tr>\n<th>Componente Nutricional<\/th>\n<th>Cantidad por 100g<\/th>\n<\/tr>\n<tr>\n<td>Calor\u00edas<\/td>\n<td>29 kcal<\/td>\n<\/tr>\n<tr>\n<td>Grasas totales<\/td>\n<td>0.3 g<\/td>\n<\/tr>\n<tr>\n<td>Grasas saturadas<\/td>\n<td>0 g<\/td>\n<\/tr>\n<tr>\n<td>Colesterol<\/td>\n<td>0 mg<\/td>\n<\/tr>\n<tr>\n<td>Sodio<\/td>\n<td>2 mg<\/td>\n<\/tr>\n<tr>\n<td>Carbohidratos<\/td>\n<td>9.3 g<\/td>\n<\/tr>\n<tr>\n<td>Fibra diet\u00e9tica<\/td>\n<td>2.8 g<\/td>\n<\/tr>\n<tr>\n<td>Az\u00facares<\/td>\n<td>2.5 g<\/td>\n<\/tr>\n<tr>\n<td>Prote\u00ednas<\/td>\n<td>1.1 g<\/td>\n<\/tr>\n<tr>\n<td>Vitamina A<\/td>\n<td>22 IU<\/td>\n<\/tr>\n<tr>\n<td>Vitamina C<\/td>\n<td>53 mg<\/td>\n<\/tr>\n<tr>\n<td>Calcio<\/td>\n<td>26 mg<\/td>\n<\/tr>\n<tr>\n<td>Hierro<\/td>\n<td>0.6 mg<\/td>\n<\/tr>\n<tr>\n<td>Potasio<\/td>\n<td>138 mg<\/td>\n<\/tr>\n<\/table>\n<p><\/body><br \/>\n<\/html>\n<\/div>\n<\/li>\n<\/ul>\n<p><img decoding=\"async\" src=\"\/wp-content\/uploads\/2024\/01\/036.jpg\" alt=\"\"><\/p>\n<h1>L\u00ednea de frutas premium Sabrostar<em><br \/><\/em><\/h1>\n<h1>Conoc\u00e9 todas nuestras frutas<\/h1>\n<ul>\n<li>\n<p>        <img decoding=\"async\" src=\"\/wp-content\/uploads\/2024\/01\/031.jpg\" alt=\"\"><\/p>\n<h3>031<\/h3>\n<p><a href=\"\/index.php?page_id=1810\"><\/a><\/p>\n<\/li>\n<li>\n<p>        <img decoding=\"async\" src=\"\/wp-content\/uploads\/2024\/01\/055.jpg\" alt=\"\"><\/p>\n<h3>055<\/h3>\n<p><a href=\"\/index.php?page_id=1549\"><\/a><\/p>\n<\/li>\n<li>\n<p>        <img decoding=\"async\" src=\"\/wp-content\/uploads\/2024\/01\/033.jpg\" alt=\"\"><\/p>\n<h3>033<\/h3>\n<p><a href=\"\/index.php?page_id=1555\"><\/a><\/p>\n<\/li>\n<li>\n<p>        <img decoding=\"async\" src=\"\/wp-content\/uploads\/2024\/01\/032.jpg\" alt=\"\"><\/p>\n<h3>032<\/h3>\n<p><a href=\"\/index.php?page_id=1554\"><\/a><\/p>\n<\/li>\n<li>\n<p>        <img decoding=\"async\" src=\"\/wp-content\/uploads\/2024\/02\/119.jpg\" alt=\"\"><\/p>\n<h3>119<\/h3>\n<p><a href=\"\/index.php?page_id=1678\"><\/a><\/p>\n<\/li>\n<li>\n<p>        <img decoding=\"async\" src=\"\/wp-content\/uploads\/2024\/01\/034.jpg\" alt=\"\"><\/p>\n<h3>034<\/h3>\n<p><a href=\"\/index.php?page_id=1655\"><\/a><\/p>\n<\/li>\n<li>\n<p>        <img decoding=\"async\" src=\"\/wp-content\/uploads\/2024\/01\/080.jpg\" alt=\"\"><\/p>\n<h3>080<\/h3>\n<p><a href=\"\/index.php?page_id=1677\"><\/a><\/p>\n<\/li>\n<li>\n<p>        <img decoding=\"async\" src=\"\/wp-content\/uploads\/2024\/02\/110.jpg\" alt=\"\"><\/p>\n<h3>110<\/h3>\n<p><a href=\"\/index.php?page_id=2177\"><\/a><\/p>\n<\/li>\n<li>\n<p>        <img decoding=\"async\" src=\"\/wp-content\/uploads\/2024\/01\/111.jpg\" alt=\"\"><\/p>\n<h3>111<\/h3>\n<p><a href=\"\/index.php?page_id=2176\"><\/a><\/p>\n<\/li>\n<li>\n<p>        <img decoding=\"async\" src=\"\/wp-content\/uploads\/2024\/01\/109.jpg\" alt=\"\"><\/p>\n<h3>109<\/h3>\n<p><a href=\"\/index.php?page_id=2185\"><\/a><\/p>\n<\/li>\n<li>\n<p>        <img decoding=\"async\" src=\"\/wp-content\/uploads\/2024\/01\/084.jpg\" alt=\"\"><\/p>\n<h3>084<\/h3>\n<p><a href=\"\/index.php?page_id=1676\"><\/a><\/p>\n<\/li>\n<\/ul>\n<p><img decoding=\"async\" src=\"\/wp-content\/uploads\/2024\/01\/023-scaled.jpg\" alt=\"\"><\/p>\n<h1>Donde comprar?<\/h1>\n<div>\n<p>Para compras mayoristas puede conectarse con nuestro departamento de ventas. Los consumidores finales pueden adquirir nuestros productos Sabrostar en puntos de venta de proximidad o las grandes cadenas de supermercados.<\/p>\n<\/div>\n<p>\n    <a href=\"\/index.php?page_id=1422\">Cont\u00e1ctenos<\/a>\n<\/p>\n<p><!--more--><br \/>\n<!-- {\"type\":\"layout\",\"children\":[{\"name\":\"Hero\",\"type\":\"section\",\"props\":{\"animation\":\"slide-left-small\",\"animation_delay\":\"200\",\"image_position\":\"center-center\",\"padding\":\"none\",\"padding_remove_top\":false,\"style\":\"secondary\",\"title_breakpoint\":\"xl\",\"title_position\":\"top-left\",\"title_rotation\":\"left\",\"vertical_align\":\"middle\",\"width\":\"\"},\"children\":[{\"type\":\"row\",\"props\":{\"column_gap\":\"large\",\"layout\":\"1-2,1-2\",\"margin\":\"remove-vertical\",\"margin_remove_bottom\":false,\"margin_remove_top\":false,\"row_gap\":\"large\",\"vertical_align\":false},\"children\":[{\"type\":\"column\",\"props\":{\"css\":\".el-column {\\n\\tmin-height: 500px;\\n}\",\"image\":\"wp-content\\\/uploads\\\/2024\\\/01\\\/062.jpg\",\"image_loading\":true,\"image_position\":\"center-center\",\"image_size\":\"cover\",\"position_sticky_breakpoint\":\"m\",\"width_medium\":\"1-2\"}},{\"type\":\"column\",\"props\":{\"image_position\":\"center-center\",\"padding\":\"xlarge\",\"position_sticky_breakpoint\":\"m\",\"style\":\"tile-secondary\",\"width_medium\":\"1-2\"},\"children\":[{\"type\":\"headline\",\"props\":{\"block_align\":\"center\",\"content\":\"Lim\\u00f3n origen Argentina\",\"maxwidth\":\"xlarge\",\"maxwidth_breakpoint\":\"l\",\"title_color\":\"primary\",\"title_element\":\"h1\",\"title_style\":\"h6\"}},{\"type\":\"headline\",\"props\":{\"block_align\":\"center\",\"content\":\"\n\n<p>Lim\\u00f3n Sabrostar <br \\\/>Premium<\\\/p>\",\"margin\":\"medium\",\"margin_remove_top\":false,\"maxwidth\":\"xlarge\",\"maxwidth_breakpoint\":\"l\",\"text_align_breakpoint\":\"m\",\"text_align_fallback\":\"center\",\"title_element\":\"div\",\"title_style\":\"h1\"}},{\"type\":\"text\",\"props\":{\"block_align\":\"center\",\"column_breakpoint\":\"xl\",\"content\":\"\n\n<p>El lim\\u00f3n es una fuente rica en vitamina C, que fortalece el sistema inmunol\\u00f3gico y act\\u00faa como antioxidante. Adem\\u00e1s, su contenido \\u00e1cido puede ayudar a mejorar la digesti\\u00f3n y a equilibrar el pH del cuerpo. Tambi\\u00e9n se ha asociado con beneficios para la piel y la salud del coraz\\u00f3n, gracias a sus antioxidantes y compuestos bioactivos.<\\\/p>\",\"margin\":\"default\",\"margin_remove_top\":false,\"maxwidth\":\"xlarge\",\"maxwidth_breakpoint\":\"l\"}},{\"type\":\"image\",\"props\":{\"block_align\":\"center\",\"image\":\"wp-content\\\/uploads\\\/2024\\\/02\\\/reciclado_paletizado.svg\",\"image_svg_color\":\"emphasis\",\"image_width\":\"250\",\"margin\":\"\",\"maxwidth\":\"xlarge\",\"maxwidth_breakpoint\":\"l\"}}]}]}]},{\"type\":\"section\",\"props\":{\"image_position\":\"center-center\",\"style\":\"default\",\"title_breakpoint\":\"xl\",\"title_position\":\"top-left\",\"title_rotation\":\"left\",\"vertical_align\":\"middle\",\"width\":\"default\"},\"children\":[{\"type\":\"row\",\"props\":{\"layout\":\"1-2,1-2\"},\"children\":[{\"type\":\"column\",\"props\":{\"image_position\":\"center-center\",\"position_sticky_breakpoint\":\"m\",\"width_medium\":\"1-2\"},\"children\":[{\"type\":\"headline\",\"props\":{\"content\":\"Lim\\u00f3n Sabrostar\",\"title_element\":\"h1\"}},{\"type\":\"text\",\"props\":{\"column_breakpoint\":\"m\",\"content\":\"\n\n<p>Las propiedades del lim\\u00f3n sobre la salud lo convierten en un alimento esencial. Es muy rico en vitamina C: 100 ml de zumo de lim\\u00f3n casero aportan el 62% de las necesidades diarias. Esta vitamina es fundamental para el buen estado de los vasos sangu\\u00edneos, y muy beneficiosa para la salud de huesos, los dientes y la piel. La vitamina C del lim\\u00f3n promueve la formaci\\u00f3n de col\\u00e1geno que contribuye al buen estado de la piel y de los cart\\u00edlagos, y a la buena cicatrizaci\\u00f3n de las heridas. Tambi\\u00e9n favorece la absorci\\u00f3n del hierro que podamos ingerir con el desayuno. Por otra parte, juega un papel crucial en el correcto funcionamiento del sistema inmunitario, para prevenir infecciones y muchas otras enfermedades.<\\\/p>\",\"margin\":\"default\"}},{\"type\":\"accordion\",\"props\":{\"collapsible\":true,\"content_column_breakpoint\":\"m\",\"image_align\":\"top\",\"image_grid_breakpoint\":\"m\",\"image_grid_width\":\"1-2\",\"image_svg_color\":\"emphasis\",\"link_style\":\"default\",\"link_text\":\"Read more\",\"show_image\":true,\"show_link\":true},\"children\":[{\"type\":\"accordion_item\",\"props\":{\"content\":\"\n\n<p>Limones Premium<br \\\/>Packaging caja color azul<br \\\/>Caja peso 17kg (aprox.)<br \\\/>Paletizado en origen<br \\\/>Sistema de trazabilidad<br \\\/>Producto reciclable<\\\/p>\",\"image\":\"\",\"title\":\"Datos t\\u00e9cnicos\"}},{\"type\":\"accordion_item\",\"props\":{\"content\":\"<!DOCTYPE html>\\n<html lang=\\\"es\\\">\\n<head>\\n    <meta charset=\\\"UTF-8\\\">\\n    <meta name=\\\"viewport\\\" content=\\\"width=device-width, initial-scale=1.0\\\">\\n    <title>Tabla Nutricional - Lim\\u00f3n<\\\/title>\\n    \n\n<style>\\n        table {\\n            width: 100%;\\n            border-collapse: collapse;\\n            margin-top: 20px;\\n        }\\n        th, td {\\n            border: 1px solid #ddd;\\n            padding: 8px;\\n            text-align: left;\\n        }\\n        th {\\n            background-color: #f2f2f2;\\n        }\\n    <\\\/style>\\n<\\\/head>\\n<body>\\n    \n\n<h4>Datos nutricionales lim\\u00f3n<\\\/h4>\\n    \n\n<table>\\n        \n\n<tr>\\n            \n\n<th>Componente Nutricional<\\\/th>\\n            \n\n<th>Cantidad por 100g<\\\/th>\\n        <\\\/tr>\\n        \n\n<tr>\\n            \n\n<td>Calor\\u00edas<\\\/td>\\n            \n\n<td>29 kcal<\\\/td>\\n        <\\\/tr>\\n        \n\n<tr>\\n            \n\n<td>Grasas totales<\\\/td>\\n            \n\n<td>0.3 g<\\\/td>\\n        <\\\/tr>\\n        \n\n<tr>\\n            \n\n<td>Grasas saturadas<\\\/td>\\n            \n\n<td>0 g<\\\/td>\\n        <\\\/tr>\\n        \n\n<tr>\\n            \n\n<td>Colesterol<\\\/td>\\n            \n\n<td>0 mg<\\\/td>\\n        <\\\/tr>\\n        \n\n<tr>\\n            \n\n<td>Sodio<\\\/td>\\n            \n\n<td>2 mg<\\\/td>\\n        <\\\/tr>\\n        \n\n<tr>\\n            \n\n<td>Carbohidratos<\\\/td>\\n            \n\n<td>9.3 g<\\\/td>\\n        <\\\/tr>\\n        \n\n<tr>\\n            \n\n<td>Fibra diet\\u00e9tica<\\\/td>\\n            \n\n<td>2.8 g<\\\/td>\\n        <\\\/tr>\\n        \n\n<tr>\\n            \n\n<td>Az\\u00facares<\\\/td>\\n            \n\n<td>2.5 g<\\\/td>\\n        <\\\/tr>\\n        \n\n<tr>\\n            \n\n<td>Prote\\u00ednas<\\\/td>\\n            \n\n<td>1.1 g<\\\/td>\\n        <\\\/tr>\\n        \n\n<tr>\\n            \n\n<td>Vitamina A<\\\/td>\\n            \n\n<td>22 IU<\\\/td>\\n        <\\\/tr>\\n        \n\n<tr>\\n            \n\n<td>Vitamina C<\\\/td>\\n            \n\n<td>53 mg<\\\/td>\\n        <\\\/tr>\\n        \n\n<tr>\\n            \n\n<td>Calcio<\\\/td>\\n            \n\n<td>26 mg<\\\/td>\\n        <\\\/tr>\\n        \n\n<tr>\\n            \n\n<td>Hierro<\\\/td>\\n            \n\n<td>0.6 mg<\\\/td>\\n        <\\\/tr>\\n        \n\n<tr>\\n            \n\n<td>Potasio<\\\/td>\\n            \n\n<td>138 mg<\\\/td>\\n        <\\\/tr>\\n    <\\\/table>\\n<\\\/body>\\n<\\\/html>\\n\",\"title\":\"Tabla nutricional\"}}]}]},{\"type\":\"column\",\"props\":{\"image_position\":\"center-center\",\"position_sticky_breakpoint\":\"m\",\"width_medium\":\"1-2\"},\"children\":[{\"type\":\"image\",\"props\":{\"image\":\"wp-content\\\/uploads\\\/2024\\\/01\\\/036.jpg\",\"image_svg_color\":\"emphasis\",\"image_viewport_height\":false,\"margin\":\"xlarge\"}}]}]}]},{\"name\":\"Productos\",\"type\":\"section\",\"props\":{\"animation\":\"slide-bottom-medium\",\"animation_delay\":\"200\",\"image_position\":\"center-center\",\"padding\":\"small\",\"padding_remove_bottom\":false,\"padding_remove_top\":false,\"style\":\"default\",\"title_breakpoint\":\"xl\",\"title_position\":\"top-left\",\"title_rotation\":\"left\",\"vertical_align\":\"middle\",\"width\":\"large\"},\"children\":[{\"type\":\"row\",\"children\":[{\"type\":\"column\",\"props\":{\"image_position\":\"center-center\",\"position_sticky_breakpoint\":\"m\"},\"children\":[{\"type\":\"headline\",\"props\":{\"block_align\":\"center\",\"content\":\"L\\u00ednea de frutas premium Sabrostar<em><br \\\/><\\\/em>\",\"margin\":\"small\",\"margin_remove_bottom\":false,\"maxwidth_breakpoint\":\"l\",\"title_color\":\"primary\",\"title_element\":\"h1\",\"title_style\":\"h6\"}},{\"type\":\"headline\",\"props\":{\"content\":\"Conoc\\u00e9 todas nuestras frutas\",\"margin\":\"small\",\"title_element\":\"h1\"}},{\"type\":\"panel-slider\",\"props\":{\"content_column_breakpoint\":\"m\",\"icon_width\":80,\"image_align\":\"top\",\"image_grid_breakpoint\":\"m\",\"image_grid_width\":\"1-2\",\"image_link\":true,\"image_svg_color\":\"emphasis\",\"link_style\":\"default\",\"link_text\":\"\",\"margin\":\"default\",\"meta_align\":\"below-title\",\"meta_element\":\"div\",\"meta_style\":\"text-meta\",\"nav\":\"dotnav\",\"nav_align\":\"center\",\"nav_breakpoint\":\"\",\"panel_card_match\":true,\"show_content\":false,\"show_image\":true,\"show_link\":true,\"show_meta\":false,\"show_title\":false,\"slidenav\":\"default\",\"slidenav_breakpoint\":\"s\",\"slidenav_hover\":false,\"slidenav_margin\":\"medium\",\"slidenav_outside_breakpoint\":\"xl\",\"slider_autoplay_pause\":true,\"slider_gap\":\"small\",\"slider_width\":\"fixed\",\"slider_width_default\":\"1-1\",\"slider_width_medium\":\"1-3\",\"title_align\":\"top\",\"title_element\":\"h3\",\"title_grid_breakpoint\":\"m\",\"title_grid_width\":\"1-2\",\"title_hover_style\":\"reset\"},\"children\":[{\"type\":\"panel-slider_item\",\"props\":{\"image\":\"wp-content\\\/uploads\\\/2024\\\/01\\\/031.jpg\",\"link\":\"index.php?page_id=1810\",\"title\":\"031\"}},{\"type\":\"panel-slider_item\",\"props\":{\"image\":\"wp-content\\\/uploads\\\/2024\\\/01\\\/055.jpg\",\"link\":\"index.php?page_id=1549\",\"title\":\"055\"}},{\"type\":\"panel-slider_item\",\"props\":{\"image\":\"wp-content\\\/uploads\\\/2024\\\/01\\\/033.jpg\",\"link\":\"index.php?page_id=1555\",\"title\":\"033\"}},{\"type\":\"panel-slider_item\",\"props\":{\"image\":\"wp-content\\\/uploads\\\/2024\\\/01\\\/032.jpg\",\"link\":\"index.php?page_id=1554\",\"title\":\"032\"}},{\"type\":\"panel-slider_item\",\"props\":{\"image\":\"wp-content\\\/uploads\\\/2024\\\/02\\\/119.jpg\",\"link\":\"index.php?page_id=1678\",\"title\":\"119\"}},{\"type\":\"panel-slider_item\",\"props\":{\"image\":\"wp-content\\\/uploads\\\/2024\\\/01\\\/034.jpg\",\"link\":\"index.php?page_id=1655\",\"title\":\"034\"}},{\"type\":\"panel-slider_item\",\"props\":{\"image\":\"wp-content\\\/uploads\\\/2024\\\/01\\\/080.jpg\",\"link\":\"index.php?page_id=1677\",\"title\":\"080\"}},{\"type\":\"panel-slider_item\",\"props\":{\"image\":\"wp-content\\\/uploads\\\/2024\\\/02\\\/110.jpg\",\"link\":\"index.php?page_id=2177\",\"title\":\"110\"}},{\"type\":\"panel-slider_item\",\"props\":{\"image\":\"wp-content\\\/uploads\\\/2024\\\/01\\\/111.jpg\",\"link\":\"index.php?page_id=2176\",\"title\":\"111\"}},{\"type\":\"panel-slider_item\",\"props\":{\"image\":\"wp-content\\\/uploads\\\/2024\\\/01\\\/109.jpg\",\"link\":\"index.php?page_id=2185\",\"title\":\"109\"}},{\"type\":\"panel-slider_item\",\"props\":{\"image\":\"wp-content\\\/uploads\\\/2024\\\/01\\\/084.jpg\",\"link\":\"index.php?page_id=1676\",\"title\":\"084\"}}],\"name\":\"Panel Slider Frutas 03\"}]}]}]},{\"type\":\"section\",\"props\":{\"image_position\":\"center-center\",\"padding\":\"none\",\"style\":\"default\",\"title_breakpoint\":\"xl\",\"title_position\":\"top-left\",\"title_rotation\":\"left\",\"vertical_align\":\"middle\",\"width\":\"\"},\"children\":[{\"type\":\"row\",\"children\":[{\"type\":\"column\",\"props\":{\"image_position\":\"center-center\",\"position_sticky_breakpoint\":\"m\"},\"children\":[{\"type\":\"image\",\"props\":{\"image\":\"wp-content\\\/uploads\\\/2024\\\/01\\\/023-scaled.jpg\",\"image_svg_color\":\"emphasis\",\"image_viewport_height\":true,\"margin\":\"default\"}}]}]}]},{\"type\":\"section\",\"props\":{\"image_position\":\"center-center\",\"style\":\"default\",\"title_breakpoint\":\"xl\",\"title_position\":\"top-left\",\"title_rotation\":\"left\",\"vertical_align\":\"middle\",\"width\":\"small\"},\"children\":[{\"type\":\"row\",\"children\":[{\"type\":\"column\",\"props\":{\"image_position\":\"center-center\",\"position_sticky_breakpoint\":\"m\"},\"children\":[{\"type\":\"headline\",\"props\":{\"content\":\"Donde comprar?\",\"text_align\":\"center\",\"title_element\":\"h1\"}},{\"type\":\"text\",\"props\":{\"column_breakpoint\":\"m\",\"content\":\"\n\n<p>Para compras mayoristas puede conectarse con nuestro departamento de ventas. Los consumidores finales pueden adquirir nuestros productos Sabrostar en puntos de venta de proximidad o las grandes cadenas de supermercados.<\\\/p>\",\"margin\":\"default\",\"text_align\":\"center\",\"text_style\":\"lead\"}},{\"type\":\"button\",\"props\":{\"fullwidth\":false,\"grid_column_gap\":\"small\",\"grid_row_gap\":\"small\",\"margin\":\"default\",\"text_align\":\"center\"},\"children\":[{\"type\":\"button_item\",\"props\":{\"button_style\":\"default\",\"content\":\"Cont\\u00e1ctenos\",\"icon_align\":\"left\",\"link\":\"index.php?page_id=1422\"}}]}]}]}],\"name\":\"Donde comprar?\"}],\"version\":\"4.1.2\"} --><\/p>\n","protected":false},"excerpt":{"rendered":"<p>Lim\u00f3n origen Argentina Lim\u00f3n Sabrostar Premium El lim\u00f3n es una fuente rica en vitamina C, que fortalece el sistema inmunol\u00f3gico y act\u00faa como antioxidante. Adem\u00e1s, su contenido \u00e1cido puede ayudar a mejorar la digesti\u00f3n y a equilibrar el pH del cuerpo. Tambi\u00e9n se ha asociado con beneficios para la piel y la salud del coraz\u00f3n, [&hellip;]<\/p>\n","protected":false},"author":1,"featured_media":0,"parent":0,"menu_order":0,"comment_status":"closed","ping_status":"closed","template":"","meta":{"_acf_changed":false,"footnotes":""},"class_list":["post-1686","page","type-page","status-publish","hentry"],"acf":[],"_links":{"self":[{"href":"https:\/\/argenfruit.com.ar\/index.php?rest_route=\/wp\/v2\/pages\/1686","targetHints":{"allow":["GET"]}}],"collection":[{"href":"https:\/\/argenfruit.com.ar\/index.php?rest_route=\/wp\/v2\/pages"}],"about":[{"href":"https:\/\/argenfruit.com.ar\/index.php?rest_route=\/wp\/v2\/types\/page"}],"author":[{"embeddable":true,"href":"https:\/\/argenfruit.com.ar\/index.php?rest_route=\/wp\/v2\/users\/1"}],"replies":[{"embeddable":true,"href":"https:\/\/argenfruit.com.ar\/index.php?rest_route=%2Fwp%2Fv2%2Fcomments&post=1686"}],"version-history":[{"count":17,"href":"https:\/\/argenfruit.com.ar\/index.php?rest_route=\/wp\/v2\/pages\/1686\/revisions"}],"predecessor-version":[{"id":2463,"href":"https:\/\/argenfruit.com.ar\/index.php?rest_route=\/wp\/v2\/pages\/1686\/revisions\/2463"}],"wp:attachment":[{"href":"https:\/\/argenfruit.com.ar\/index.php?rest_route=%2Fwp%2Fv2%2Fmedia&parent=1686"}],"curies":[{"name":"wp","href":"https:\/\/api.w.org\/{rel}","templated":true}]}}