{"id":2520,"date":"2024-03-09T20:39:26","date_gmt":"2024-03-09T20:39:26","guid":{"rendered":"https:\/\/argenfruit.com.ar\/?page_id=2520"},"modified":"2024-03-09T20:55:34","modified_gmt":"2024-03-09T20:55:34","slug":"legales","status":"publish","type":"page","link":"https:\/\/argenfruit.com.ar\/?page_id=2520","title":{"rendered":"Legales"},"content":{"rendered":"\n<p>El uso de este sitio web y la informaci\u00f3n contenida en el mismo se rige por los t\u00e9rminos y condiciones establecidos en este Aviso Legal.<br>Nuestro Servicio puede contener enlaces a sitios web de terceros o servicios que no son propiedad ni est\u00e1n controlados por Argenfruit S.A.<br>Argenfruit S.A. no tiene control y no asume responsabilidades por el contenido, pol\u00edticas de privacidad o pr\u00e1cticas de sitios web o servicios de terceros. Adem\u00e1s, reconoce y acepta que Argenfruit S.A. no ser\u00e1 responsable, directa o indirectamente, de cualquier da\u00f1o o p\u00e9rdida causada o supuestamente causada por o en conexi\u00f3n con el uso o la confianza en dicho contenido, bienes o servicios disponibles en o a trav\u00e9s de tales sitios web o servicios.<br>El contenido, dise\u00f1o y estructura de este sitio web est\u00e1n protegidos por derechos de autor y otros derechos de propiedad intelectual que son propiedad de Argenfruit S.A. Ninguna parte de este sitio web, incluidos los textos, gr\u00e1ficos, logotipos, im\u00e1genes, clips de audio o video, puede ser reproducida, distribuida, modificada, transmitida, reutilizada, republicada o utilizada de cualquier manera sin el consentimiento previo por escrito de Argenfruit S.A.<br>El contenido de este sitio web se proporciona solo con fines informativos. Argenfruit S.A. no se hace responsable de ninguna decisi\u00f3n o acci\u00f3n que se tome en base a la informaci\u00f3n proporcionada en este sitio web. Argenfruit S.A. no ser\u00e1 responsable de ning\u00fan da\u00f1o directo, indirecto, incidental, especial o consecuente que resulte del uso o la imposibilidad de usar este sitio web.<br>Este Aviso Legal se regir\u00e1 e interpretar\u00e1 de acuerdo con las leyes de la Rep\u00fablica Argentina.<br>Si tiene alguna pregunta sobre este Aviso Legal, puede ponerse en contacto con nosotros:<br>marketing@argenfruit.com.ar<\/p>\n","protected":false},"excerpt":{"rendered":"<p>El uso de este sitio web y la informaci\u00f3n contenida en el mismo se rige por los t\u00e9rminos y condiciones establecidos en este Aviso Legal.Nuestro Servicio puede contener enlaces a sitios web de terceros o servicios que no son propiedad ni est\u00e1n controlados por Argenfruit S.A.Argenfruit S.A. no tiene control y no asume responsabilidades por [&hellip;]<\/p>\n","protected":false},"author":1,"featured_media":0,"parent":0,"menu_order":0,"comment_status":"closed","ping_status":"closed","template":"","meta":{"_acf_changed":false,"footnotes":""},"class_list":["post-2520","page","type-page","status-publish","hentry"],"acf":[],"_links":{"self":[{"href":"https:\/\/argenfruit.com.ar\/index.php?rest_route=\/wp\/v2\/pages\/2520","targetHints":{"allow":["GET"]}}],"collection":[{"href":"https:\/\/argenfruit.com.ar\/index.php?rest_route=\/wp\/v2\/pages"}],"about":[{"href":"https:\/\/argenfruit.com.ar\/index.php?rest_route=\/wp\/v2\/types\/page"}],"author":[{"embeddable":true,"href":"https:\/\/argenfruit.com.ar\/index.php?rest_route=\/wp\/v2\/users\/1"}],"replies":[{"embeddable":true,"href":"https:\/\/argenfruit.com.ar\/index.php?rest_route=%2Fwp%2Fv2%2Fcomments&post=2520"}],"version-history":[{"count":4,"href":"https:\/\/argenfruit.com.ar\/index.php?rest_route=\/wp\/v2\/pages\/2520\/revisions"}],"predecessor-version":[{"id":2525,"href":"https:\/\/argenfruit.com.ar\/index.php?rest_route=\/wp\/v2\/pages\/2520\/revisions\/2525"}],"wp:attachment":[{"href":"https:\/\/argenfruit.com.ar\/index.php?rest_route=%2Fwp%2Fv2%2Fmedia&parent=2520"}],"curies":[{"name":"wp","href":"https:\/\/api.w.org\/{rel}","templated":true}]}}